{"id":1796,"date":"2025-04-11T14:19:15","date_gmt":"2025-04-11T12:19:15","guid":{"rendered":"https:\/\/bataille-renard.fr\/?page_id=1796"},"modified":"2025-04-11T14:19:15","modified_gmt":"2025-04-11T12:19:15","slug":"propos","status":"publish","type":"page","link":"https:\/\/bataille-renard.fr\/index.php\/propos\/","title":{"rendered":"propos"},"content":{"rendered":"","protected":false},"excerpt":{"rendered":"","protected":false},"author":1,"featured_media":0,"parent":0,"menu_order":0,"comment_status":"closed","ping_status":"closed","template":"","meta":{"_editorskit_title_hidden":false,"_editorskit_reading_time":0,"_editorskit_is_block_options_detached":false,"_editorskit_block_options_position":"{}","_uag_custom_page_level_css":"","site-sidebar-layout":"default","site-content-layout":"","ast-site-content-layout":"","site-content-style":"default","site-sidebar-style":"default","ast-global-header-display":"","ast-banner-title-visibility":"","ast-main-header-display":"","ast-hfb-above-header-display":"","ast-hfb-below-header-display":"","ast-hfb-mobile-header-display":"","site-post-title":"","ast-breadcrumbs-content":"","ast-featured-img":"","footer-sml-layout":"","theme-transparent-header-meta":"","adv-header-id-meta":"","stick-header-meta":"","header-above-stick-meta":"","header-main-stick-meta":"","header-below-stick-meta":"","astra-migrate-meta-layouts":"default","ast-page-background-enabled":"default","ast-page-background-meta":{"desktop":{"background-color":"","background-image":"","background-repeat":"repeat","background-position":"center center","background-size":"auto","background-attachment":"scroll","background-type":"","background-media":"","overlay-type":"","overlay-color":"","overlay-gradient":""},"tablet":{"background-color":"","background-image":"","background-repeat":"repeat","background-position":"center center","background-size":"auto","background-attachment":"scroll","background-type":"","background-media":"","overlay-type":"","overlay-color":"","overlay-gradient":""},"mobile":{"background-color":"","background-image":"","background-repeat":"repeat","background-position":"center center","background-size":"auto","background-attachment":"scroll","background-type":"","background-media":"","overlay-type":"","overlay-color":"","overlay-gradient":""}},"ast-content-background-meta":{"desktop":{"background-color":"var(--ast-global-color-5)","background-image":"","background-repeat":"repeat","background-position":"center center","background-size":"auto","background-attachment":"scroll","background-type":"","background-media":"","overlay-type":"","overlay-color":"","overlay-gradient":""},"tablet":{"background-color":"var(--ast-global-color-5)","background-image":"","background-repeat":"repeat","background-position":"center center","background-size":"auto","background-attachment":"scroll","background-type":"","background-media":"","overlay-type":"","overlay-color":"","overlay-gradient":""},"mobile":{"background-color":"var(--ast-global-color-5)","background-image":"","background-repeat":"repeat","background-position":"center center","background-size":"auto","background-attachment":"scroll","background-type":"","background-media":"","overlay-type":"","overlay-color":"","overlay-gradient":""}},"footnotes":""},"class_list":["post-1796","page","type-page","status-publish","hentry"],"yoast_head":"<!-- This site is optimized with the Yoast SEO plugin v24.6 - https:\/\/yoast.com\/wordpress\/plugins\/seo\/ -->\n<title>propos - Bataille &amp; Renard<\/title>\n<meta name=\"robots\" content=\"index, follow, max-snippet:-1, max-image-preview:large, max-video-preview:-1\" \/>\n<link rel=\"canonical\" href=\"https:\/\/bataille-renard.fr\/index.php\/propos\/\" \/>\n<meta property=\"og:locale\" content=\"fr_FR\" \/>\n<meta property=\"og:type\" content=\"article\" \/>\n<meta property=\"og:title\" content=\"propos - Bataille &amp; Renard\" \/>\n<meta property=\"og:url\" content=\"https:\/\/bataille-renard.fr\/index.php\/propos\/\" \/>\n<meta property=\"og:site_name\" content=\"Bataille &amp; Renard\" \/>\n<meta name=\"twitter:card\" content=\"summary_large_image\" \/>\n<script type=\"application\/ld+json\" class=\"yoast-schema-graph\">{\"@context\":\"https:\/\/schema.org\",\"@graph\":[{\"@type\":\"WebPage\",\"@id\":\"https:\/\/bataille-renard.fr\/index.php\/propos\/\",\"url\":\"https:\/\/bataille-renard.fr\/index.php\/propos\/\",\"name\":\"propos - Bataille &amp; Renard\",\"isPartOf\":{\"@id\":\"https:\/\/bataille-renard.fr\/#website\"},\"datePublished\":\"2025-04-11T12:19:15+00:00\",\"breadcrumb\":{\"@id\":\"https:\/\/bataille-renard.fr\/index.php\/propos\/#breadcrumb\"},\"inLanguage\":\"fr-FR\",\"potentialAction\":[{\"@type\":\"ReadAction\",\"target\":[\"https:\/\/bataille-renard.fr\/index.php\/propos\/\"]}]},{\"@type\":\"BreadcrumbList\",\"@id\":\"https:\/\/bataille-renard.fr\/index.php\/propos\/#breadcrumb\",\"itemListElement\":[{\"@type\":\"ListItem\",\"position\":1,\"name\":\"Accueil\",\"item\":\"https:\/\/bataille-renard.fr\/\"},{\"@type\":\"ListItem\",\"position\":2,\"name\":\"propos\"}]},{\"@type\":\"WebSite\",\"@id\":\"https:\/\/bataille-renard.fr\/#website\",\"url\":\"https:\/\/bataille-renard.fr\/\",\"name\":\"Bataille & Renard\",\"description\":\"Organisme de contr\u00f4le agr\u00e9\u00e9\",\"publisher\":{\"@id\":\"https:\/\/bataille-renard.fr\/#organization\"},\"potentialAction\":[{\"@type\":\"SearchAction\",\"target\":{\"@type\":\"EntryPoint\",\"urlTemplate\":\"https:\/\/bataille-renard.fr\/?s={search_term_string}\"},\"query-input\":{\"@type\":\"PropertyValueSpecification\",\"valueRequired\":true,\"valueName\":\"search_term_string\"}}],\"inLanguage\":\"fr-FR\"},{\"@type\":\"Organization\",\"@id\":\"https:\/\/bataille-renard.fr\/#organization\",\"name\":\"Bataille & Renard\",\"url\":\"https:\/\/bataille-renard.fr\/\",\"logo\":{\"@type\":\"ImageObject\",\"inLanguage\":\"fr-FR\",\"@id\":\"https:\/\/bataille-renard.fr\/#\/schema\/logo\/image\/\",\"url\":\"https:\/\/bataille-renard.fr\/wp-content\/uploads\/2024\/01\/cropped-BATAILLERENARD_logo-bleu.png\",\"contentUrl\":\"https:\/\/bataille-renard.fr\/wp-content\/uploads\/2024\/01\/cropped-BATAILLERENARD_logo-bleu.png\",\"width\":1200,\"height\":400,\"caption\":\"Bataille & Renard\"},\"image\":{\"@id\":\"https:\/\/bataille-renard.fr\/#\/schema\/logo\/image\/\"},\"sameAs\":[\"https:\/\/www.linkedin.com\/company\/bataille-renard\/\"]}]}<\/script>\n<!-- \/ Yoast SEO plugin. -->","yoast_head_json":{"title":"propos - Bataille &amp; Renard","robots":{"index":"index","follow":"follow","max-snippet":"max-snippet:-1","max-image-preview":"max-image-preview:large","max-video-preview":"max-video-preview:-1"},"canonical":"https:\/\/bataille-renard.fr\/index.php\/propos\/","og_locale":"fr_FR","og_type":"article","og_title":"propos - Bataille &amp; Renard","og_url":"https:\/\/bataille-renard.fr\/index.php\/propos\/","og_site_name":"Bataille &amp; Renard","twitter_card":"summary_large_image","schema":{"@context":"https:\/\/schema.org","@graph":[{"@type":"WebPage","@id":"https:\/\/bataille-renard.fr\/index.php\/propos\/","url":"https:\/\/bataille-renard.fr\/index.php\/propos\/","name":"propos - Bataille &amp; Renard","isPartOf":{"@id":"https:\/\/bataille-renard.fr\/#website"},"datePublished":"2025-04-11T12:19:15+00:00","breadcrumb":{"@id":"https:\/\/bataille-renard.fr\/index.php\/propos\/#breadcrumb"},"inLanguage":"fr-FR","potentialAction":[{"@type":"ReadAction","target":["https:\/\/bataille-renard.fr\/index.php\/propos\/"]}]},{"@type":"BreadcrumbList","@id":"https:\/\/bataille-renard.fr\/index.php\/propos\/#breadcrumb","itemListElement":[{"@type":"ListItem","position":1,"name":"Accueil","item":"https:\/\/bataille-renard.fr\/"},{"@type":"ListItem","position":2,"name":"propos"}]},{"@type":"WebSite","@id":"https:\/\/bataille-renard.fr\/#website","url":"https:\/\/bataille-renard.fr\/","name":"Bataille & Renard","description":"Organisme de contr\u00f4le agr\u00e9\u00e9","publisher":{"@id":"https:\/\/bataille-renard.fr\/#organization"},"potentialAction":[{"@type":"SearchAction","target":{"@type":"EntryPoint","urlTemplate":"https:\/\/bataille-renard.fr\/?s={search_term_string}"},"query-input":{"@type":"PropertyValueSpecification","valueRequired":true,"valueName":"search_term_string"}}],"inLanguage":"fr-FR"},{"@type":"Organization","@id":"https:\/\/bataille-renard.fr\/#organization","name":"Bataille & Renard","url":"https:\/\/bataille-renard.fr\/","logo":{"@type":"ImageObject","inLanguage":"fr-FR","@id":"https:\/\/bataille-renard.fr\/#\/schema\/logo\/image\/","url":"https:\/\/bataille-renard.fr\/wp-content\/uploads\/2024\/01\/cropped-BATAILLERENARD_logo-bleu.png","contentUrl":"https:\/\/bataille-renard.fr\/wp-content\/uploads\/2024\/01\/cropped-BATAILLERENARD_logo-bleu.png","width":1200,"height":400,"caption":"Bataille & Renard"},"image":{"@id":"https:\/\/bataille-renard.fr\/#\/schema\/logo\/image\/"},"sameAs":["https:\/\/www.linkedin.com\/company\/bataille-renard\/"]}]}},"uagb_featured_image_src":{"full":false,"thumbnail":false,"medium":false,"medium_large":false,"large":false,"1536x1536":false,"2048x2048":false},"uagb_author_info":{"display_name":"Nicolas","author_link":"https:\/\/bataille-renard.fr\/index.php\/author\/admin9102\/"},"uagb_comment_info":0,"uagb_excerpt":null,"_links":{"self":[{"href":"https:\/\/bataille-renard.fr\/index.php\/wp-json\/wp\/v2\/pages\/1796","targetHints":{"allow":["GET"]}}],"collection":[{"href":"https:\/\/bataille-renard.fr\/index.php\/wp-json\/wp\/v2\/pages"}],"about":[{"href":"https:\/\/bataille-renard.fr\/index.php\/wp-json\/wp\/v2\/types\/page"}],"author":[{"embeddable":true,"href":"https:\/\/bataille-renard.fr\/index.php\/wp-json\/wp\/v2\/users\/1"}],"replies":[{"embeddable":true,"href":"https:\/\/bataille-renard.fr\/index.php\/wp-json\/wp\/v2\/comments?post=1796"}],"version-history":[{"count":1,"href":"https:\/\/bataille-renard.fr\/index.php\/wp-json\/wp\/v2\/pages\/1796\/revisions"}],"predecessor-version":[{"id":1799,"href":"https:\/\/bataille-renard.fr\/index.php\/wp-json\/wp\/v2\/pages\/1796\/revisions\/1799"}],"wp:attachment":[{"href":"https:\/\/bataille-renard.fr\/index.php\/wp-json\/wp\/v2\/media?parent=1796"}],"curies":[{"name":"wp","href":"https:\/\/api.w.org\/{rel}","templated":true}]}}